{"id":251,"date":"2017-10-19T01:17:40","date_gmt":"2017-10-19T06:17:40","guid":{"rendered":"http:\/\/alfonsoaceroblog.com\/?page_id=251"},"modified":"2023-11-10T15:23:47","modified_gmt":"2023-11-10T14:23:47","slug":"servicios","status":"publish","type":"page","link":"https:\/\/alfonsoacerovega.com\/index.php\/servicios\/","title":{"rendered":"Servicios"},"content":{"rendered":"<p><img loading=\"lazy\" decoding=\"async\" class=\"alignnone size-full wp-image-256\" src=\"http:\/\/alfonsoacerovega.com\/wp-content\/uploads\/2017\/10\/grc3a1fica1-13-e1508395474651.png?w=324\" alt=\"gr\u00e1fica1-13\" width=\"324\" height=\"90\" srcset=\"https:\/\/alfonsoacerovega.com\/wp-content\/uploads\/2017\/10\/grc3a1fica1-13-e1508395474651.png 443w, https:\/\/alfonsoacerovega.com\/wp-content\/uploads\/2017\/10\/grc3a1fica1-13-e1508395474651-300x83.png 300w, https:\/\/alfonsoacerovega.com\/wp-content\/uploads\/2017\/10\/grc3a1fica1-13-e1508395474651-370x103.png 370w, https:\/\/alfonsoacerovega.com\/wp-content\/uploads\/2017\/10\/grc3a1fica1-13-e1508395474651-270x75.png 270w\" sizes=\"auto, (max-width: 324px) 100vw, 324px\" \/><\/p>\n<p style=\"text-align:justify;\">El dinamismo actual de las personas y de las organizaciones requiere de un crecimiento continuo en Autoliderazgo y Autoeducaci\u00f3n. Conceptos que han pasado desapercibidos por los estilos tradicionales de liderazgo. Sin embargo, la interiorizaci\u00f3n de estos para convertirlos en conductas de excelencia en todo l\u00edder moderno, es una necesidad apremiante. Y es ac\u00e1 donde hacemos nuestro aporte, como un facilitador para procesos exitosos.<br \/>\n<img loading=\"lazy\" decoding=\"async\" class=\"alignnone size-large wp-image-44\" src=\"http:\/\/alfonsoacerovega.com\/wp-content\/uploads\/2017\/04\/cropped-cropped-liderazgo-logo2-e1508395635836.png?w=1024\" alt=\"cropped-cropped-liderazgo-logo2.png\" width=\"1024\" height=\"365\" srcset=\"https:\/\/alfonsoacerovega.com\/wp-content\/uploads\/2017\/04\/cropped-cropped-liderazgo-logo2-e1508395635836.png 1372w, https:\/\/alfonsoacerovega.com\/wp-content\/uploads\/2017\/04\/cropped-cropped-liderazgo-logo2-e1508395635836-300x107.png 300w, https:\/\/alfonsoacerovega.com\/wp-content\/uploads\/2017\/04\/cropped-cropped-liderazgo-logo2-e1508395635836-1024x365.png 1024w, https:\/\/alfonsoacerovega.com\/wp-content\/uploads\/2017\/04\/cropped-cropped-liderazgo-logo2-e1508395635836-768x274.png 768w, https:\/\/alfonsoacerovega.com\/wp-content\/uploads\/2017\/04\/cropped-cropped-liderazgo-logo2-e1508395635836-370x132.png 370w, https:\/\/alfonsoacerovega.com\/wp-content\/uploads\/2017\/04\/cropped-cropped-liderazgo-logo2-e1508395635836-270x96.png 270w, https:\/\/alfonsoacerovega.com\/wp-content\/uploads\/2017\/04\/cropped-cropped-liderazgo-logo2-e1508395635836-570x203.png 570w, https:\/\/alfonsoacerovega.com\/wp-content\/uploads\/2017\/04\/cropped-cropped-liderazgo-logo2-e1508395635836-740x264.png 740w\" sizes=\"auto, (max-width: 1024px) 100vw, 1024px\" \/><\/p>\n<p style=\"text-align:justify;\"><strong>El coaching corporativo y de organizaciones<\/strong> son unas de nuestras herramientas esenciales para conseguir resultados y objetivos propuestos por nuestros clientes, y que a posteriori les transfieran beneficios personales o econ\u00f3micos.<\/p>\n<p><img loading=\"lazy\" decoding=\"async\" class=\"  wp-image-258 aligncenter\" src=\"http:\/\/alfonsoacerovega.com\/wp-content\/uploads\/2017\/10\/business-163501_640.jpg\" alt=\"business-163501_640\" width=\"427\" height=\"240\" srcset=\"https:\/\/alfonsoacerovega.com\/wp-content\/uploads\/2017\/10\/business-163501_640.jpg 640w, https:\/\/alfonsoacerovega.com\/wp-content\/uploads\/2017\/10\/business-163501_640-300x169.jpg 300w, https:\/\/alfonsoacerovega.com\/wp-content\/uploads\/2017\/10\/business-163501_640-370x208.jpg 370w, https:\/\/alfonsoacerovega.com\/wp-content\/uploads\/2017\/10\/business-163501_640-270x152.jpg 270w, https:\/\/alfonsoacerovega.com\/wp-content\/uploads\/2017\/10\/business-163501_640-570x321.jpg 570w\" sizes=\"auto, (max-width: 427px) 100vw, 427px\" \/><\/p>\n<p><img loading=\"lazy\" decoding=\"async\" class=\"alignnone  wp-image-259\" src=\"http:\/\/alfonsoacerovega.com\/wp-content\/uploads\/2017\/10\/grc3a1fica2-13-e1508397042860.png\" alt=\"gr\u00e1fica2-13\" width=\"333\" height=\"68\" srcset=\"https:\/\/alfonsoacerovega.com\/wp-content\/uploads\/2017\/10\/grc3a1fica2-13-e1508397042860.png 691w, https:\/\/alfonsoacerovega.com\/wp-content\/uploads\/2017\/10\/grc3a1fica2-13-e1508397042860-300x61.png 300w, https:\/\/alfonsoacerovega.com\/wp-content\/uploads\/2017\/10\/grc3a1fica2-13-e1508397042860-370x75.png 370w, https:\/\/alfonsoacerovega.com\/wp-content\/uploads\/2017\/10\/grc3a1fica2-13-e1508397042860-270x55.png 270w, https:\/\/alfonsoacerovega.com\/wp-content\/uploads\/2017\/10\/grc3a1fica2-13-e1508397042860-570x116.png 570w\" sizes=\"auto, (max-width: 333px) 100vw, 333px\" \/><\/p>\n<p style=\"text-align:justify;\">El componente primordial de los equipos, empresas u organizaciones son seres humanos; entidades complejas y emocionales que deben ser tomadas siempre desde una perspectiva integral. Por eso trabajamos Autoeducaci\u00f3n Transformadora, es decir aquella que modifica la conducta humana y establece nuevos patrones de pensamientos enfocados al crecimiento continuo: personal, laboral y financiero.<\/p>\n<p><img loading=\"lazy\" decoding=\"async\" class=\"  wp-image-260 aligncenter\" src=\"http:\/\/alfonsoacerovega.com\/wp-content\/uploads\/2017\/10\/grc3a1fica3-14.png\" alt=\"gr\u00e1fica3-14\" width=\"639\" height=\"249\" srcset=\"https:\/\/alfonsoacerovega.com\/wp-content\/uploads\/2017\/10\/grc3a1fica3-14.png 1288w, https:\/\/alfonsoacerovega.com\/wp-content\/uploads\/2017\/10\/grc3a1fica3-14-300x117.png 300w, https:\/\/alfonsoacerovega.com\/wp-content\/uploads\/2017\/10\/grc3a1fica3-14-1024x399.png 1024w, https:\/\/alfonsoacerovega.com\/wp-content\/uploads\/2017\/10\/grc3a1fica3-14-768x299.png 768w, https:\/\/alfonsoacerovega.com\/wp-content\/uploads\/2017\/10\/grc3a1fica3-14-370x144.png 370w, https:\/\/alfonsoacerovega.com\/wp-content\/uploads\/2017\/10\/grc3a1fica3-14-270x105.png 270w, https:\/\/alfonsoacerovega.com\/wp-content\/uploads\/2017\/10\/grc3a1fica3-14-570x222.png 570w, https:\/\/alfonsoacerovega.com\/wp-content\/uploads\/2017\/10\/grc3a1fica3-14-1283x500.png 1283w, https:\/\/alfonsoacerovega.com\/wp-content\/uploads\/2017\/10\/grc3a1fica3-14-740x288.png 740w\" sizes=\"auto, (max-width: 639px) 100vw, 639px\" \/><\/p>\n<p style=\"text-align:justify;\"><strong>Aprender a aprender<\/strong> nos autolidera emocionalmente, desarrolla esa inteligencia creativa y vital para las relaciones humanas y el desarrollo de talentos: <em>la inteligencia emocional.<\/em>\u00a0\u00c9sta a su vez es la clave para la ejecuci\u00f3n y potencializaci\u00f3n de competencias <img loading=\"lazy\" decoding=\"async\" class=\"  wp-image-261 alignright\" src=\"http:\/\/alfonsoacerovega.com\/wp-content\/uploads\/2017\/10\/grc3a1fica4-14.png\" alt=\"gr\u00e1fica4-14.png\" width=\"167\" height=\"130\" srcset=\"https:\/\/alfonsoacerovega.com\/wp-content\/uploads\/2017\/10\/grc3a1fica4-14.png 533w, https:\/\/alfonsoacerovega.com\/wp-content\/uploads\/2017\/10\/grc3a1fica4-14-300x234.png 300w, https:\/\/alfonsoacerovega.com\/wp-content\/uploads\/2017\/10\/grc3a1fica4-14-370x288.png 370w, https:\/\/alfonsoacerovega.com\/wp-content\/uploads\/2017\/10\/grc3a1fica4-14-270x210.png 270w, https:\/\/alfonsoacerovega.com\/wp-content\/uploads\/2017\/10\/grc3a1fica4-14-385x300.png 385w\" sizes=\"auto, (max-width: 167px) 100vw, 167px\" \/>blandas, que se convierten al final en el capital humano fundamental para mantener la armon\u00eda y el balance en las empresas.<\/p>\n<p style=\"text-align:justify;\">De otra parte, la comunicaci\u00f3n ecol\u00f3gica, la esencial, la asertiva, la que permite que las personas se relacionen mejor consigo mismo y con los dem\u00e1s, apunta a la correcta <strong>sincronizaci\u00f3n y sinergia<\/strong> entre los equipos de trabajo, y los diversos departamentos de las instituciones.<\/p>\n<p style=\"text-align:justify;\">Conjugando lo anterior, podemos entrar en la punta de la lanza de la productividad en las empresas:<br \/>\n<img loading=\"lazy\" decoding=\"async\" class=\"alignnone size-full wp-image-263\" src=\"http:\/\/alfonsoacerovega.com\/wp-content\/uploads\/2017\/10\/grc3a1fica5-14-e1508398978708.png?w=263\" alt=\"gr\u00e1fica5-14\" width=\"263\" height=\"46\" srcset=\"https:\/\/alfonsoacerovega.com\/wp-content\/uploads\/2017\/10\/grc3a1fica5-14-e1508398978708.png 452w, https:\/\/alfonsoacerovega.com\/wp-content\/uploads\/2017\/10\/grc3a1fica5-14-e1508398978708-300x52.png 300w, https:\/\/alfonsoacerovega.com\/wp-content\/uploads\/2017\/10\/grc3a1fica5-14-e1508398978708-370x65.png 370w, https:\/\/alfonsoacerovega.com\/wp-content\/uploads\/2017\/10\/grc3a1fica5-14-e1508398978708-270x47.png 270w\" sizes=\"auto, (max-width: 263px) 100vw, 263px\" \/><br \/>\nPara conseguirla resaltamos la capacitaci\u00f3n inspiradora, la que te pasa del \u201cconocer al hacer\u201d, la que te permite en ocasiones ser menos activo pero m\u00e1s productivo, la que estimula y nos hace sentir dignos y valiosos dentro de las instituciones, la que genera el sentido de pertenencia.\u00a0 \u00a0 \u00a0 \u00a0 \u00a0 \u00a0 \u00a0 \u00a0 \u00a0 \u00a0 \u00a0 \u00a0 \u00a0 \u00a0 \u00a0 \u00a0 \u00a0<img loading=\"lazy\" decoding=\"async\" class=\" size-full wp-image-265 alignnone\" src=\"http:\/\/alfonsoacerovega.com\/wp-content\/uploads\/2017\/10\/grc3a1fica7-15.png\" alt=\"gr\u00e1fica7-15.png\" width=\"1577\" height=\"700\" srcset=\"https:\/\/alfonsoacerovega.com\/wp-content\/uploads\/2017\/10\/grc3a1fica7-15.png 1577w, https:\/\/alfonsoacerovega.com\/wp-content\/uploads\/2017\/10\/grc3a1fica7-15-300x133.png 300w, https:\/\/alfonsoacerovega.com\/wp-content\/uploads\/2017\/10\/grc3a1fica7-15-1024x455.png 1024w, https:\/\/alfonsoacerovega.com\/wp-content\/uploads\/2017\/10\/grc3a1fica7-15-768x341.png 768w, https:\/\/alfonsoacerovega.com\/wp-content\/uploads\/2017\/10\/grc3a1fica7-15-1536x682.png 1536w, https:\/\/alfonsoacerovega.com\/wp-content\/uploads\/2017\/10\/grc3a1fica7-15-370x164.png 370w, https:\/\/alfonsoacerovega.com\/wp-content\/uploads\/2017\/10\/grc3a1fica7-15-270x120.png 270w, https:\/\/alfonsoacerovega.com\/wp-content\/uploads\/2017\/10\/grc3a1fica7-15-570x253.png 570w, https:\/\/alfonsoacerovega.com\/wp-content\/uploads\/2017\/10\/grc3a1fica7-15-1126x500.png 1126w, https:\/\/alfonsoacerovega.com\/wp-content\/uploads\/2017\/10\/grc3a1fica7-15-740x328.png 740w\" sizes=\"auto, (max-width: 1577px) 100vw, 1577px\" \/><\/p>\n<p><img loading=\"lazy\" decoding=\"async\" class=\"alignnone  wp-image-266\" src=\"http:\/\/alfonsoacerovega.com\/wp-content\/uploads\/2017\/10\/grc3a1fica8-13.png\" alt=\"gr\u00e1fica8-13.png\" width=\"323\" height=\"87\" srcset=\"https:\/\/alfonsoacerovega.com\/wp-content\/uploads\/2017\/10\/grc3a1fica8-13.png 522w, https:\/\/alfonsoacerovega.com\/wp-content\/uploads\/2017\/10\/grc3a1fica8-13-300x81.png 300w, https:\/\/alfonsoacerovega.com\/wp-content\/uploads\/2017\/10\/grc3a1fica8-13-370x100.png 370w, https:\/\/alfonsoacerovega.com\/wp-content\/uploads\/2017\/10\/grc3a1fica8-13-270x73.png 270w\" sizes=\"auto, (max-width: 323px) 100vw, 323px\" \/><\/p>\n<p style=\"text-align:justify;\"><img loading=\"lazy\" decoding=\"async\" class=\"  wp-image-267 alignright\" src=\"http:\/\/alfonsoacerovega.com\/wp-content\/uploads\/2017\/10\/grc3a1fica9-16-e1508400647571.png\" alt=\"grc3a1fica9-16.png\" width=\"223\" height=\"339\" srcset=\"https:\/\/alfonsoacerovega.com\/wp-content\/uploads\/2017\/10\/grc3a1fica9-16-e1508400647571.png 566w, https:\/\/alfonsoacerovega.com\/wp-content\/uploads\/2017\/10\/grc3a1fica9-16-e1508400647571-197x300.png 197w, https:\/\/alfonsoacerovega.com\/wp-content\/uploads\/2017\/10\/grc3a1fica9-16-e1508400647571-370x563.png 370w, https:\/\/alfonsoacerovega.com\/wp-content\/uploads\/2017\/10\/grc3a1fica9-16-e1508400647571-270x411.png 270w, https:\/\/alfonsoacerovega.com\/wp-content\/uploads\/2017\/10\/grc3a1fica9-16-e1508400647571-329x500.png 329w\" sizes=\"auto, (max-width: 223px) 100vw, 223px\" \/>En una modernidad cambiante, en una econom\u00eda que requiere cambios y adaptaci\u00f3n constante, en una necesidad de innovaci\u00f3n continua, que marca el paso en el Siglo XXI, la transferencia de visi\u00f3n requiere enfoques din\u00e1micos y creativos, talleres de expresi\u00f3n y charlas incluyentes. Reencuadres mentales permanentes y estimulaci\u00f3n de la visualizaci\u00f3n para <strong>crear la creatividad.<\/strong>\u00a0Todo esto lo combinamos con pedagog\u00eda experimental y adaptabilidad a diversos tipos de escenarios.<img loading=\"lazy\" decoding=\"async\" class=\"  wp-image-268 aligncenter\" src=\"http:\/\/alfonsoacerovega.com\/wp-content\/uploads\/2017\/10\/grc3a1fica9-17.png\" alt=\"gr\u00e1fica9-17\" width=\"566\" height=\"294\" srcset=\"https:\/\/alfonsoacerovega.com\/wp-content\/uploads\/2017\/10\/grc3a1fica9-17.png 1508w, https:\/\/alfonsoacerovega.com\/wp-content\/uploads\/2017\/10\/grc3a1fica9-17-300x156.png 300w, https:\/\/alfonsoacerovega.com\/wp-content\/uploads\/2017\/10\/grc3a1fica9-17-1024x532.png 1024w, https:\/\/alfonsoacerovega.com\/wp-content\/uploads\/2017\/10\/grc3a1fica9-17-768x399.png 768w, https:\/\/alfonsoacerovega.com\/wp-content\/uploads\/2017\/10\/grc3a1fica9-17-370x192.png 370w, https:\/\/alfonsoacerovega.com\/wp-content\/uploads\/2017\/10\/grc3a1fica9-17-270x140.png 270w, https:\/\/alfonsoacerovega.com\/wp-content\/uploads\/2017\/10\/grc3a1fica9-17-570x296.png 570w, https:\/\/alfonsoacerovega.com\/wp-content\/uploads\/2017\/10\/grc3a1fica9-17-963x500.png 963w, https:\/\/alfonsoacerovega.com\/wp-content\/uploads\/2017\/10\/grc3a1fica9-17-740x384.png 740w\" sizes=\"auto, (max-width: 566px) 100vw, 566px\" \/><br \/>\n<img loading=\"lazy\" decoding=\"async\" class=\"alignnone size-full wp-image-283\" src=\"http:\/\/alfonsoacerovega.com\/wp-content\/uploads\/2017\/10\/grc3a1fica11-11.png\" alt=\"gr\u00e1fica11-11.png\" width=\"1525\" height=\"2137\" srcset=\"https:\/\/alfonsoacerovega.com\/wp-content\/uploads\/2017\/10\/grc3a1fica11-11.png 1525w, https:\/\/alfonsoacerovega.com\/wp-content\/uploads\/2017\/10\/grc3a1fica11-11-214x300.png 214w, https:\/\/alfonsoacerovega.com\/wp-content\/uploads\/2017\/10\/grc3a1fica11-11-731x1024.png 731w, https:\/\/alfonsoacerovega.com\/wp-content\/uploads\/2017\/10\/grc3a1fica11-11-768x1076.png 768w, https:\/\/alfonsoacerovega.com\/wp-content\/uploads\/2017\/10\/grc3a1fica11-11-1096x1536.png 1096w, https:\/\/alfonsoacerovega.com\/wp-content\/uploads\/2017\/10\/grc3a1fica11-11-1461x2048.png 1461w, https:\/\/alfonsoacerovega.com\/wp-content\/uploads\/2017\/10\/grc3a1fica11-11-370x518.png 370w, https:\/\/alfonsoacerovega.com\/wp-content\/uploads\/2017\/10\/grc3a1fica11-11-270x378.png 270w, https:\/\/alfonsoacerovega.com\/wp-content\/uploads\/2017\/10\/grc3a1fica11-11-570x799.png 570w, https:\/\/alfonsoacerovega.com\/wp-content\/uploads\/2017\/10\/grc3a1fica11-11-357x500.png 357w, https:\/\/alfonsoacerovega.com\/wp-content\/uploads\/2017\/10\/grc3a1fica11-11-740x1037.png 740w\" sizes=\"auto, (max-width: 1525px) 100vw, 1525px\" \/><\/p>\n<p>&nbsp;<\/p>\n<p><img loading=\"lazy\" decoding=\"async\" class=\"alignnone  wp-image-274\" src=\"http:\/\/alfonsoacerovega.com\/wp-content\/uploads\/2017\/10\/grc3a1fica11-13.png\" alt=\"gr\u00e1fica11-13\" width=\"401\" height=\"73\" srcset=\"https:\/\/alfonsoacerovega.com\/wp-content\/uploads\/2017\/10\/grc3a1fica11-13.png 779w, https:\/\/alfonsoacerovega.com\/wp-content\/uploads\/2017\/10\/grc3a1fica11-13-300x55.png 300w, https:\/\/alfonsoacerovega.com\/wp-content\/uploads\/2017\/10\/grc3a1fica11-13-768x140.png 768w, https:\/\/alfonsoacerovega.com\/wp-content\/uploads\/2017\/10\/grc3a1fica11-13-370x67.png 370w, https:\/\/alfonsoacerovega.com\/wp-content\/uploads\/2017\/10\/grc3a1fica11-13-270x49.png 270w, https:\/\/alfonsoacerovega.com\/wp-content\/uploads\/2017\/10\/grc3a1fica11-13-570x104.png 570w, https:\/\/alfonsoacerovega.com\/wp-content\/uploads\/2017\/10\/grc3a1fica11-13-740x135.png 740w\" sizes=\"auto, (max-width: 401px) 100vw, 401px\" \/><\/p>\n<p style=\"text-align:justify;\">Posee un M\u00e1ster en Inteligencia Emocional y Programaci\u00f3n Neuroling\u00fc\u00edstica en Euroinnova International Bussines School.<\/p>\n<p style=\"text-align:justify;\">Adem\u00e1s cuenta con una experiencia de m\u00e1s de 15 a\u00f1os en capacitaci\u00f3n de l\u00edderes a nivel nacional e internacional, experiencia que le ha llevado a incursionar dentro de las tendencias de Autoliderazgo y de Desarrollo del Potencial Humano. Como Master Coach, es miembro de la Asociaci\u00f3n Internacional de Coaching, aportando con procesos de Coaching Ejecutivo y Personal.<\/p>\n<p style=\"text-align:justify;\">Y es el creador de \u201cCoaching Para Desarrolladores de Redes de Mercadeo\u201d para la Escuela TISOC.<\/p>\n<p style=\"text-align:justify;\">En el \u00e1mbito empresarial se desempe\u00f1a como desarrollador de Redes de Mercadeo, ense\u00f1ando con el ejemplo que todo proceso de crecimiento personal est\u00e1 ligado directamente al bienestar econ\u00f3mico.<\/p>\n<p>http:\/\/www.tisoc.com\/directorio-facilitadores-y-coaches-ficha.php?ficha=4042414761<\/p>\n<p>www.vidaplus.co<\/p>\n<p>www.alfonsoacero.co<\/p>\n","protected":false},"excerpt":{"rendered":"<p>El dinamismo actual de las personas y de las organizaciones requiere de un crecimiento continuo en Autoliderazgo y Autoeducaci\u00f3n. Conceptos que han pasado desapercibidos por los estilos tradicionales de liderazgo. Sin embargo, la interiorizaci\u00f3n de estos para convertirlos en conductas de excelencia en todo l\u00edder moderno, es una necesidad apremiante. Y es ac\u00e1 donde hacemos [&hellip;]<\/p>\n","protected":false},"author":1,"featured_media":396,"parent":0,"menu_order":0,"comment_status":"closed","ping_status":"closed","template":"","meta":{"footnotes":""},"class_list":["post-251","page","type-page","status-publish","has-post-thumbnail","hentry"],"_links":{"self":[{"href":"https:\/\/alfonsoacerovega.com\/index.php\/wp-json\/wp\/v2\/pages\/251","targetHints":{"allow":["GET"]}}],"collection":[{"href":"https:\/\/alfonsoacerovega.com\/index.php\/wp-json\/wp\/v2\/pages"}],"about":[{"href":"https:\/\/alfonsoacerovega.com\/index.php\/wp-json\/wp\/v2\/types\/page"}],"author":[{"embeddable":true,"href":"https:\/\/alfonsoacerovega.com\/index.php\/wp-json\/wp\/v2\/users\/1"}],"replies":[{"embeddable":true,"href":"https:\/\/alfonsoacerovega.com\/index.php\/wp-json\/wp\/v2\/comments?post=251"}],"version-history":[{"count":1,"href":"https:\/\/alfonsoacerovega.com\/index.php\/wp-json\/wp\/v2\/pages\/251\/revisions"}],"predecessor-version":[{"id":2528,"href":"https:\/\/alfonsoacerovega.com\/index.php\/wp-json\/wp\/v2\/pages\/251\/revisions\/2528"}],"wp:featuredmedia":[{"embeddable":true,"href":"https:\/\/alfonsoacerovega.com\/index.php\/wp-json\/wp\/v2\/media\/396"}],"wp:attachment":[{"href":"https:\/\/alfonsoacerovega.com\/index.php\/wp-json\/wp\/v2\/media?parent=251"}],"curies":[{"name":"wp","href":"https:\/\/api.w.org\/{rel}","templated":true}]}}