{"id":185,"date":"2017-10-14T23:54:53","date_gmt":"2017-10-14T23:54:53","guid":{"rendered":"https:\/\/ejemplodeblogaav.wordpress.com\/?page_id=185"},"modified":"2023-11-10T15:21:14","modified_gmt":"2023-11-10T14:21:14","slug":"historia","status":"publish","type":"page","link":"https:\/\/alfonsoacerovega.com\/index.php\/historia\/","title":{"rendered":"Historia"},"content":{"rendered":"\n<div class=\"wp-block-image is-style-default\"><figure class=\"aligncenter size-large is-resized\"><img loading=\"lazy\" decoding=\"async\" src=\"http:\/\/alfonsoacerovega.com\/wp-content\/uploads\/2021\/07\/img_8394-min.png?w=683\" alt=\"\" class=\"wp-image-1097\" width=\"342\" height=\"512\" srcset=\"https:\/\/alfonsoacerovega.com\/wp-content\/uploads\/2021\/07\/img_8394-min.png 3648w, https:\/\/alfonsoacerovega.com\/wp-content\/uploads\/2021\/07\/img_8394-min-200x300.png 200w, https:\/\/alfonsoacerovega.com\/wp-content\/uploads\/2021\/07\/img_8394-min-683x1024.png 683w, https:\/\/alfonsoacerovega.com\/wp-content\/uploads\/2021\/07\/img_8394-min-768x1152.png 768w, https:\/\/alfonsoacerovega.com\/wp-content\/uploads\/2021\/07\/img_8394-min-1024x1536.png 1024w, https:\/\/alfonsoacerovega.com\/wp-content\/uploads\/2021\/07\/img_8394-min-1365x2048.png 1365w, https:\/\/alfonsoacerovega.com\/wp-content\/uploads\/2021\/07\/img_8394-min-370x555.png 370w, https:\/\/alfonsoacerovega.com\/wp-content\/uploads\/2021\/07\/img_8394-min-270x405.png 270w, https:\/\/alfonsoacerovega.com\/wp-content\/uploads\/2021\/07\/img_8394-min-570x855.png 570w, https:\/\/alfonsoacerovega.com\/wp-content\/uploads\/2021\/07\/img_8394-min-333x500.png 333w, https:\/\/alfonsoacerovega.com\/wp-content\/uploads\/2021\/07\/img_8394-min-740x1110.png 740w\" sizes=\"auto, (max-width: 342px) 100vw, 342px\" \/><\/figure><\/div>\n\n\n\n<p>Con profunda fe, vocaci\u00f3n de servicio y una gran actitud perseverante, Alfonso Acero Vega se ha dedicado desde su juventud a estimular en otros el fortalecimiento del liderazgo intr\u00ednseco en cada ser humano. La convicci\u00f3n de estos valores lo ha llevado a estudios de Biblia y Ministerio Cristiano, para aportar con ello al desarrollo integral de diversas comunidades y personas alrededor del mundo. Desde su formaci\u00f3n de estudios en Teolog\u00eda, ha publicado dos libros: \u201cRa\u00edces jud\u00edas en el Desarrollo de la Naci\u00f3n Colombiana\u201d, y \u201cLos Periodos hist\u00f3ricos en la Biblia\u201d. Trabajos que han sido benefactores a instituciones sin \u00e1nimo de lucro, con el fin de seguir sumando en la <strong>\u201ccontribuci\u00f3n social\u201d.<\/strong><\/p>\n\n\n\n<div class=\"wp-block-image\"><figure class=\"alignright\"><img loading=\"lazy\" decoding=\"async\" width=\"960\" height=\"640\" src=\"http:\/\/alfonsoacerovega.com\/wp-content\/uploads\/2017\/10\/conferencia-3.jpg\" alt=\"conferencia 3\" class=\"wp-image-198\" srcset=\"https:\/\/alfonsoacerovega.com\/wp-content\/uploads\/2017\/10\/conferencia-3.jpg 960w, https:\/\/alfonsoacerovega.com\/wp-content\/uploads\/2017\/10\/conferencia-3-300x200.jpg 300w, https:\/\/alfonsoacerovega.com\/wp-content\/uploads\/2017\/10\/conferencia-3-768x512.jpg 768w, https:\/\/alfonsoacerovega.com\/wp-content\/uploads\/2017\/10\/conferencia-3-370x247.jpg 370w, https:\/\/alfonsoacerovega.com\/wp-content\/uploads\/2017\/10\/conferencia-3-270x180.jpg 270w, https:\/\/alfonsoacerovega.com\/wp-content\/uploads\/2017\/10\/conferencia-3-570x380.jpg 570w, https:\/\/alfonsoacerovega.com\/wp-content\/uploads\/2017\/10\/conferencia-3-750x500.jpg 750w, https:\/\/alfonsoacerovega.com\/wp-content\/uploads\/2017\/10\/conferencia-3-740x493.jpg 740w\" sizes=\"auto, (max-width: 960px) 100vw, 960px\" \/><\/figure><\/div>\n\n\n\n<p><\/p>\n\n\n\n<p class=\"p1\"><span class=\"s1\">&nbsp; &nbsp; &nbsp; &nbsp;Cuenta con una experiencia de 20 a\u00f1os en la capacitaci\u00f3n de l\u00edderes en distintos&nbsp;<\/span><span class=\"s1\">\u00e1mbitos sociales a nivel nacional e internacional; experiencia que le ha llevado a incursionar dentro de las tendencias de Auto Liderazgo y de Desarrollo del Potencial Humano. Como Master Coach es miembro de de la Asociaci\u00f3n Internacional de Coaching, aportando con procesos de Coaching Ejecutivo y Personal.<\/span><\/p>\n\n\n\n<p class=\"p1\"><span class=\"s1\">&nbsp; &nbsp; &nbsp; &nbsp;Consiente que las necesidades del ser humano est\u00e1n presentes en el \u00e1mbito espiritual y material, tambi\u00e9n ha incursionado dentro de la megatendencia de los Empresarios del Siglo XXI: Las Redes de Mercadeo, para as\u00ed facilitarle a miles de personas las herramientas necesarias, y poder mostrarles el camino hacia su futuro ideal.<\/span><\/p>\n\n\n\n<p class=\"p1\"><span class=\"s1\">&nbsp; &nbsp; &nbsp; &nbsp;Su filosof\u00eda de vida, su visi\u00f3n y conocimientos, aportan a todas las personas para que logren potenciar sus fortalezas e ir en b\u00fasqueda de los sue\u00f1os y metas que a\u00fan les falten por realizar en su vida.<\/span><\/p>\n\n\n\n<p><strong><i>\u201cRecuerda, que el camino hacia el \u00e9xito es m\u00e1s corto de lo que muchas personas piensan, pero quiz\u00e1s es un poco complejo, porque es un viaje al interior de uno mismo. Por eso si decides empezarlo, \u00a1bienvenido a esta gran aventura hacia tu futuro!\u201d<\/i><\/strong><\/p>\n","protected":false},"excerpt":{"rendered":"<p>Con profunda fe, vocaci\u00f3n de servicio y una gran actitud perseverante, Alfonso Acero Vega se ha dedicado desde su juventud a estimular en otros el fortalecimiento del liderazgo intr\u00ednseco en cada ser humano. La convicci\u00f3n de estos valores lo ha llevado a estudios de Biblia y Ministerio Cristiano, para aportar con ello al desarrollo integral [&hellip;]<\/p>\n","protected":false},"author":1,"featured_media":397,"parent":0,"menu_order":0,"comment_status":"closed","ping_status":"closed","template":"","meta":{"footnotes":""},"class_list":["post-185","page","type-page","status-publish","has-post-thumbnail","hentry"],"_links":{"self":[{"href":"https:\/\/alfonsoacerovega.com\/index.php\/wp-json\/wp\/v2\/pages\/185","targetHints":{"allow":["GET"]}}],"collection":[{"href":"https:\/\/alfonsoacerovega.com\/index.php\/wp-json\/wp\/v2\/pages"}],"about":[{"href":"https:\/\/alfonsoacerovega.com\/index.php\/wp-json\/wp\/v2\/types\/page"}],"author":[{"embeddable":true,"href":"https:\/\/alfonsoacerovega.com\/index.php\/wp-json\/wp\/v2\/users\/1"}],"replies":[{"embeddable":true,"href":"https:\/\/alfonsoacerovega.com\/index.php\/wp-json\/wp\/v2\/comments?post=185"}],"version-history":[{"count":1,"href":"https:\/\/alfonsoacerovega.com\/index.php\/wp-json\/wp\/v2\/pages\/185\/revisions"}],"predecessor-version":[{"id":2527,"href":"https:\/\/alfonsoacerovega.com\/index.php\/wp-json\/wp\/v2\/pages\/185\/revisions\/2527"}],"wp:featuredmedia":[{"embeddable":true,"href":"https:\/\/alfonsoacerovega.com\/index.php\/wp-json\/wp\/v2\/media\/397"}],"wp:attachment":[{"href":"https:\/\/alfonsoacerovega.com\/index.php\/wp-json\/wp\/v2\/media?parent=185"}],"curies":[{"name":"wp","href":"https:\/\/api.w.org\/{rel}","templated":true}]}}